{"id":211,"date":"2023-08-11T10:40:45","date_gmt":"2023-08-11T13:40:45","guid":{"rendered":"https:\/\/fiquericoinvest.com.br\/?page_id=211"},"modified":"2023-08-11T10:41:09","modified_gmt":"2023-08-11T13:41:09","slug":"211-2","status":"publish","type":"page","link":"https:\/\/fiquericoinvest.com.br\/index.php\/211-2\/","title":{"rendered":"Transpar\u00eancia"},"content":{"rendered":"<p><span style=\"font-family: helvetica, arial, sans-serif;\">Bem-vindo \u00e0 p\u00e1gina de Transpar\u00eancia do site Fique Rico Investindo.<\/span><\/p>\n<p><span style=\"font-family: helvetica, arial, sans-serif;\">Nossa miss\u00e3o no site Fique Rico Investindo \u00e9 capacitar indiv\u00edduos a alcan\u00e7ar independ\u00eancia financeira por meio de educa\u00e7\u00e3o acess\u00edvel. Fornecemos informa\u00e7\u00f5es imparciais, estrat\u00e9gias comprovadas e recursos pr\u00e1ticos legais sem nenhuma fraude, capacitando assim nossos visitantes a tomar decis\u00f5es financeiras informadas, construir riqueza de forma consistente e alcan\u00e7ar seus objetivos financeiros de longo prazo.<\/span><\/p>\n<p><span style=\"font-family: helvetica, arial, sans-serif;\">Acreditamos que a transpar\u00eancia \u00e9 essencial para construir uma rela\u00e7\u00e3o de confian\u00e7a com nossos leitores e apoiadores. Nesta p\u00e1gina, apresentamos informa\u00e7\u00f5es detalhadas sobre a equipe por tr\u00e1s do site, nossa fonte de financiamento e como utilizamos os recursos recebidos para manter e melhorar o site Fique Rico Investindo.<\/span><\/p>\n<p><span style=\"font-family: helvetica, arial, sans-serif;\">Equipe<\/span><\/p>\n<p><span style=\"font-family: helvetica, arial, sans-serif;\"> A equipe do site Fique Rico Investindo \u00e9 composta por profissionais apaixonados por finan\u00e7as e investimentos, trazendo uma combina\u00e7\u00e3o \u00fanica de experi\u00eancia no mercado financeiro, educa\u00e7\u00e3o e tecnologia. Nossos especialistas possuem vasto conhecimento em diversas \u00e1reas de investimento, permitindo-nos oferecer orienta\u00e7\u00f5es confi\u00e1veis e conte\u00fado de qualidade que visa capacitar nossos leitores a tomar decis\u00f5es financeiras s\u00f3lidas e alcan\u00e7ar seus objetivos de prosperidade.<\/span><\/p>\n<p><span style=\"font-family: helvetica, arial, sans-serif;\">Afiliados e publicidade<\/span><\/p>\n<p><span style=\"font-family: helvetica, arial, sans-serif;\">Ressaltamos que o conteudo editorial do site \u00e9 Produzido de forma independente, sem influencia de qualquer patrocinador ou anunciante.<\/span><br \/>\n<span style=\"font-family: helvetica, arial, sans-serif;\">Por\u00e9m, estamos abertos a possibilidades de utilizar programas de afiliados e exibir an\u00fancios relevantes. Estamos abertos para parcerias, no momento vamos fazer parcerias com Google AdSense de acordo com os termos. No entanto, isso n\u00e3o afeta a sele\u00e7\u00e3o de artigos ou nossa opini\u00e3o sobre os conte\u00fados apresentados. Sempre buscamos recomendar conte\u00fados que acreditamos serem de qualidade e \u00fateis para nossos leitores.<\/span><\/p>\n<p><span style=\"font-family: helvetica, arial, sans-serif;\">Uso dos Recursos<\/span><\/p>\n<p><span style=\"font-family: helvetica, arial, sans-serif;\">Todo o dinheiro arrecadado por meio de doa\u00e7\u00f5es, parcerias e an\u00fancios \u00e9 direcionado para a manuten\u00e7\u00e3o do site e para o aprimoramento de nossos servi\u00e7os. Os recursos s\u00e3o utilizados para cobrir despesas operacionais, como hospedagem do site, custos t\u00e9cnicos, cria\u00e7\u00e3o de conte\u00fado, suporte \u00e0 equipe e desenvolvimento de projetos futuros.<\/span><\/p>\n<p><span style=\"font-family: helvetica, arial, sans-serif;\">Sua Contribui\u00e7\u00e3o<\/span><\/p>\n<p><span style=\"font-family: helvetica, arial, sans-serif;\">Agradecemos profundamente o apoio cont\u00ednuo de nossos leitores e parceiros, pois sua \u00e9 fundamental para o crescimento e aprimoramento do site Fique Rico Investindo. Nosso compromisso \u00e9 continuar a oferecer conte\u00fado relevante, informativo e inspirador, mantendo a transpar\u00eancia em todas as nossas a\u00e7\u00f5es.<\/span><\/p>\n<p><span style=\"font-family: helvetica, arial, sans-serif;\">Se tiver alguma d\u00favida, sugest\u00e3o ou desejar obter mais informa\u00e7\u00f5es sobre nossa p\u00e1gina de Transpar\u00eancia, entre em contato conosco por meio de nossa p\u00e1gina de contato ou envie um e-mail para agisse2@hotmail.com. Estamos sempre prontos para ouvir voc\u00ea!<\/span><\/p>\n<p><span style=\"font-family: helvetica, arial, sans-serif;\">Gratid\u00e3o por fazer parte desta jornada conosco.<\/span><\/p>\n<p><span style=\"font-family: helvetica, arial, sans-serif;\">Equipe Fique Rico Investindo.<\/span><\/p>\n","protected":false},"excerpt":{"rendered":"<p>Bem-vindo \u00e0 p\u00e1gina de Transpar\u00eancia do site Fique Rico Investindo. Nossa miss\u00e3o no site Fique Rico Investindo \u00e9 capacitar indiv\u00edduos a alcan\u00e7ar independ\u00eancia financeira por meio de educa\u00e7\u00e3o acess\u00edvel. Fornecemos informa\u00e7\u00f5es imparciais, estrat\u00e9gias comprovadas e recursos pr\u00e1ticos legais sem nenhuma fraude, capacitando assim nossos visitantes a tomar decis\u00f5es financeiras informadas, construir riqueza de forma consistente &hellip;<\/p>\n<p class=\"read-more\"> <a class=\"\" href=\"https:\/\/fiquericoinvest.com.br\/index.php\/211-2\/\"> <span class=\"screen-reader-text\">Transpar\u00eancia<\/span> Read More &raquo;<\/a><\/p>\n","protected":false},"author":1,"featured_media":0,"parent":0,"menu_order":0,"comment_status":"closed","ping_status":"closed","template":"","meta":{"site-sidebar-layout":"default","site-content-layout":"default","ast-site-content-layout":"","site-content-style":"default","site-sidebar-style":"default","ast-global-header-display":"","ast-banner-title-visibility":"","ast-main-header-display":"","ast-hfb-above-header-display":"","ast-hfb-below-header-display":"","ast-hfb-mobile-header-display":"","site-post-title":"","ast-breadcrumbs-content":"","ast-featured-img":"","footer-sml-layout":"","theme-transparent-header-meta":"default","adv-header-id-meta":"","stick-header-meta":"","header-above-stick-meta":"","header-main-stick-meta":"","header-below-stick-meta":"","astra-migrate-meta-layouts":"","footnotes":""},"yoast_head":"<!-- This site is optimized with the Yoast SEO plugin v22.4 - https:\/\/yoast.com\/wordpress\/plugins\/seo\/ -->\n<title>Transpar\u00eancia - Fique Rico Investindo<\/title>\n<meta name=\"robots\" content=\"index, follow, max-snippet:-1, max-image-preview:large, max-video-preview:-1\" \/>\n<link rel=\"canonical\" href=\"https:\/\/fiquericoinvest.com.br\/index.php\/211-2\/\" \/>\n<meta property=\"og:locale\" content=\"en_US\" \/>\n<meta property=\"og:type\" content=\"article\" \/>\n<meta property=\"og:title\" content=\"Transpar\u00eancia - Fique Rico Investindo\" \/>\n<meta property=\"og:description\" content=\"Bem-vindo \u00e0 p\u00e1gina de Transpar\u00eancia do site Fique Rico Investindo. Nossa miss\u00e3o no site Fique Rico Investindo \u00e9 capacitar indiv\u00edduos a alcan\u00e7ar independ\u00eancia financeira por meio de educa\u00e7\u00e3o acess\u00edvel. Fornecemos informa\u00e7\u00f5es imparciais, estrat\u00e9gias comprovadas e recursos pr\u00e1ticos legais sem nenhuma fraude, capacitando assim nossos visitantes a tomar decis\u00f5es financeiras informadas, construir riqueza de forma consistente &hellip; Transpar\u00eancia Read More &raquo;\" \/>\n<meta property=\"og:url\" content=\"https:\/\/fiquericoinvest.com.br\/index.php\/211-2\/\" \/>\n<meta property=\"og:site_name\" content=\"Fique Rico Investindo\" \/>\n<meta property=\"article:modified_time\" content=\"2023-08-11T13:41:09+00:00\" \/>\n<meta name=\"twitter:card\" content=\"summary_large_image\" \/>\n<meta name=\"twitter:label1\" content=\"Est. reading time\" \/>\n\t<meta name=\"twitter:data1\" content=\"3 minutes\" \/>\n<script type=\"application\/ld+json\" class=\"yoast-schema-graph\">{\"@context\":\"https:\/\/schema.org\",\"@graph\":[{\"@type\":\"WebPage\",\"@id\":\"https:\/\/fiquericoinvest.com.br\/index.php\/211-2\/\",\"url\":\"https:\/\/fiquericoinvest.com.br\/index.php\/211-2\/\",\"name\":\"Transpar\u00eancia - Fique Rico Investindo\",\"isPartOf\":{\"@id\":\"https:\/\/fiquericoinvest.com.br\/#website\"},\"datePublished\":\"2023-08-11T13:40:45+00:00\",\"dateModified\":\"2023-08-11T13:41:09+00:00\",\"breadcrumb\":{\"@id\":\"https:\/\/fiquericoinvest.com.br\/index.php\/211-2\/#breadcrumb\"},\"inLanguage\":\"en-US\",\"potentialAction\":[{\"@type\":\"ReadAction\",\"target\":[\"https:\/\/fiquericoinvest.com.br\/index.php\/211-2\/\"]}]},{\"@type\":\"BreadcrumbList\",\"@id\":\"https:\/\/fiquericoinvest.com.br\/index.php\/211-2\/#breadcrumb\",\"itemListElement\":[{\"@type\":\"ListItem\",\"position\":1,\"name\":\"In\u00edcio\",\"item\":\"https:\/\/fiquericoinvest.com.br\/\"},{\"@type\":\"ListItem\",\"position\":2,\"name\":\"Transpar\u00eancia\"}]},{\"@type\":\"WebSite\",\"@id\":\"https:\/\/fiquericoinvest.com.br\/#website\",\"url\":\"https:\/\/fiquericoinvest.com.br\/\",\"name\":\"Fique Rico Investindo\",\"description\":\"\",\"publisher\":{\"@id\":\"https:\/\/fiquericoinvest.com.br\/#\/schema\/person\/c5690232c624ebfa765388e6d1ae0e7b\"},\"potentialAction\":[{\"@type\":\"SearchAction\",\"target\":{\"@type\":\"EntryPoint\",\"urlTemplate\":\"https:\/\/fiquericoinvest.com.br\/?s={search_term_string}\"},\"query-input\":\"required name=search_term_string\"}],\"inLanguage\":\"en-US\"},{\"@type\":[\"Person\",\"Organization\"],\"@id\":\"https:\/\/fiquericoinvest.com.br\/#\/schema\/person\/c5690232c624ebfa765388e6d1ae0e7b\",\"name\":\"FiqueRico\",\"image\":{\"@type\":\"ImageObject\",\"inLanguage\":\"en-US\",\"@id\":\"https:\/\/fiquericoinvest.com.br\/#\/schema\/person\/image\/\",\"url\":\"https:\/\/fiquericoinvest.com.br\/wp-content\/uploads\/2023\/07\/cropped-fique-rico-4.png\",\"contentUrl\":\"https:\/\/fiquericoinvest.com.br\/wp-content\/uploads\/2023\/07\/cropped-fique-rico-4.png\",\"width\":299,\"height\":86,\"caption\":\"FiqueRico\"},\"logo\":{\"@id\":\"https:\/\/fiquericoinvest.com.br\/#\/schema\/person\/image\/\"},\"sameAs\":[\"https:\/\/fiquericoinvest.com.br\"]}]}<\/script>\n<!-- \/ Yoast SEO plugin. -->","yoast_head_json":{"title":"Transpar\u00eancia - Fique Rico Investindo","robots":{"index":"index","follow":"follow","max-snippet":"max-snippet:-1","max-image-preview":"max-image-preview:large","max-video-preview":"max-video-preview:-1"},"canonical":"https:\/\/fiquericoinvest.com.br\/index.php\/211-2\/","og_locale":"en_US","og_type":"article","og_title":"Transpar\u00eancia - Fique Rico Investindo","og_description":"Bem-vindo \u00e0 p\u00e1gina de Transpar\u00eancia do site Fique Rico Investindo. Nossa miss\u00e3o no site Fique Rico Investindo \u00e9 capacitar indiv\u00edduos a alcan\u00e7ar independ\u00eancia financeira por meio de educa\u00e7\u00e3o acess\u00edvel. Fornecemos informa\u00e7\u00f5es imparciais, estrat\u00e9gias comprovadas e recursos pr\u00e1ticos legais sem nenhuma fraude, capacitando assim nossos visitantes a tomar decis\u00f5es financeiras informadas, construir riqueza de forma consistente &hellip; Transpar\u00eancia Read More &raquo;","og_url":"https:\/\/fiquericoinvest.com.br\/index.php\/211-2\/","og_site_name":"Fique Rico Investindo","article_modified_time":"2023-08-11T13:41:09+00:00","twitter_card":"summary_large_image","twitter_misc":{"Est. reading time":"3 minutes"},"schema":{"@context":"https:\/\/schema.org","@graph":[{"@type":"WebPage","@id":"https:\/\/fiquericoinvest.com.br\/index.php\/211-2\/","url":"https:\/\/fiquericoinvest.com.br\/index.php\/211-2\/","name":"Transpar\u00eancia - Fique Rico Investindo","isPartOf":{"@id":"https:\/\/fiquericoinvest.com.br\/#website"},"datePublished":"2023-08-11T13:40:45+00:00","dateModified":"2023-08-11T13:41:09+00:00","breadcrumb":{"@id":"https:\/\/fiquericoinvest.com.br\/index.php\/211-2\/#breadcrumb"},"inLanguage":"en-US","potentialAction":[{"@type":"ReadAction","target":["https:\/\/fiquericoinvest.com.br\/index.php\/211-2\/"]}]},{"@type":"BreadcrumbList","@id":"https:\/\/fiquericoinvest.com.br\/index.php\/211-2\/#breadcrumb","itemListElement":[{"@type":"ListItem","position":1,"name":"In\u00edcio","item":"https:\/\/fiquericoinvest.com.br\/"},{"@type":"ListItem","position":2,"name":"Transpar\u00eancia"}]},{"@type":"WebSite","@id":"https:\/\/fiquericoinvest.com.br\/#website","url":"https:\/\/fiquericoinvest.com.br\/","name":"Fique Rico Investindo","description":"","publisher":{"@id":"https:\/\/fiquericoinvest.com.br\/#\/schema\/person\/c5690232c624ebfa765388e6d1ae0e7b"},"potentialAction":[{"@type":"SearchAction","target":{"@type":"EntryPoint","urlTemplate":"https:\/\/fiquericoinvest.com.br\/?s={search_term_string}"},"query-input":"required name=search_term_string"}],"inLanguage":"en-US"},{"@type":["Person","Organization"],"@id":"https:\/\/fiquericoinvest.com.br\/#\/schema\/person\/c5690232c624ebfa765388e6d1ae0e7b","name":"FiqueRico","image":{"@type":"ImageObject","inLanguage":"en-US","@id":"https:\/\/fiquericoinvest.com.br\/#\/schema\/person\/image\/","url":"https:\/\/fiquericoinvest.com.br\/wp-content\/uploads\/2023\/07\/cropped-fique-rico-4.png","contentUrl":"https:\/\/fiquericoinvest.com.br\/wp-content\/uploads\/2023\/07\/cropped-fique-rico-4.png","width":299,"height":86,"caption":"FiqueRico"},"logo":{"@id":"https:\/\/fiquericoinvest.com.br\/#\/schema\/person\/image\/"},"sameAs":["https:\/\/fiquericoinvest.com.br"]}]}},"_links":{"self":[{"href":"https:\/\/fiquericoinvest.com.br\/index.php\/wp-json\/wp\/v2\/pages\/211"}],"collection":[{"href":"https:\/\/fiquericoinvest.com.br\/index.php\/wp-json\/wp\/v2\/pages"}],"about":[{"href":"https:\/\/fiquericoinvest.com.br\/index.php\/wp-json\/wp\/v2\/types\/page"}],"author":[{"embeddable":true,"href":"https:\/\/fiquericoinvest.com.br\/index.php\/wp-json\/wp\/v2\/users\/1"}],"replies":[{"embeddable":true,"href":"https:\/\/fiquericoinvest.com.br\/index.php\/wp-json\/wp\/v2\/comments?post=211"}],"version-history":[{"count":2,"href":"https:\/\/fiquericoinvest.com.br\/index.php\/wp-json\/wp\/v2\/pages\/211\/revisions"}],"predecessor-version":[{"id":213,"href":"https:\/\/fiquericoinvest.com.br\/index.php\/wp-json\/wp\/v2\/pages\/211\/revisions\/213"}],"wp:attachment":[{"href":"https:\/\/fiquericoinvest.com.br\/index.php\/wp-json\/wp\/v2\/media?parent=211"}],"curies":[{"name":"wp","href":"https:\/\/api.w.org\/{rel}","templated":true}]}}