{"id":200,"date":"2023-08-11T09:13:13","date_gmt":"2023-08-11T12:13:13","guid":{"rendered":"https:\/\/fiquericoinvest.com.br\/?page_id=200"},"modified":"2023-08-11T09:16:56","modified_gmt":"2023-08-11T12:16:56","slug":"fale-conosco","status":"publish","type":"page","link":"https:\/\/fiquericoinvest.com.br\/index.php\/fale-conosco\/","title":{"rendered":"Fale Conosco"},"content":{"rendered":"\t\t<div data-elementor-type=\"wp-page\" data-elementor-id=\"200\" class=\"elementor elementor-200\">\n\t\t\t\t\t\t\t\t\t<section class=\"elementor-section elementor-top-section elementor-element elementor-element-1da3b08 elementor-section-boxed elementor-section-height-default elementor-section-height-default\" data-id=\"1da3b08\" data-element_type=\"section\">\n\t\t\t\t\t\t<div class=\"elementor-container elementor-column-gap-default\">\n\t\t\t\t\t<div class=\"elementor-column elementor-col-100 elementor-top-column elementor-element elementor-element-4427843\" data-id=\"4427843\" data-element_type=\"column\">\n\t\t\t<div class=\"elementor-widget-wrap elementor-element-populated\">\n\t\t\t\t\t\t\t\t<div class=\"elementor-element elementor-element-4e97fa7 elementor-widget elementor-widget-heading\" data-id=\"4e97fa7\" data-element_type=\"widget\" data-widget_type=\"heading.default\">\n\t\t\t\t<div class=\"elementor-widget-container\">\n\t\t\t<style>\/*! elementor - v3.17.0 - 25-10-2023 *\/\n.elementor-heading-title{padding:0;margin:0;line-height:1}.elementor-widget-heading .elementor-heading-title[class*=elementor-size-]>a{color:inherit;font-size:inherit;line-height:inherit}.elementor-widget-heading .elementor-heading-title.elementor-size-small{font-size:15px}.elementor-widget-heading .elementor-heading-title.elementor-size-medium{font-size:19px}.elementor-widget-heading .elementor-heading-title.elementor-size-large{font-size:29px}.elementor-widget-heading .elementor-heading-title.elementor-size-xl{font-size:39px}.elementor-widget-heading .elementor-heading-title.elementor-size-xxl{font-size:59px}<\/style><h2 class=\"elementor-heading-title elementor-size-default\">Entre em contato conosco<\/h2>\t\t<\/div>\n\t\t\t\t<\/div>\n\t\t\t\t<div class=\"elementor-element elementor-element-32ae257 elementor-widget elementor-widget-text-editor\" data-id=\"32ae257\" data-element_type=\"widget\" data-widget_type=\"text-editor.default\">\n\t\t\t\t<div class=\"elementor-widget-container\">\n\t\t\t<style>\/*! elementor - v3.17.0 - 25-10-2023 *\/\n.elementor-widget-text-editor.elementor-drop-cap-view-stacked .elementor-drop-cap{background-color:#69727d;color:#fff}.elementor-widget-text-editor.elementor-drop-cap-view-framed .elementor-drop-cap{color:#69727d;border:3px solid;background-color:transparent}.elementor-widget-text-editor:not(.elementor-drop-cap-view-default) .elementor-drop-cap{margin-top:8px}.elementor-widget-text-editor:not(.elementor-drop-cap-view-default) .elementor-drop-cap-letter{width:1em;height:1em}.elementor-widget-text-editor .elementor-drop-cap{float:left;text-align:center;line-height:1;font-size:50px}.elementor-widget-text-editor .elementor-drop-cap-letter{display:inline-block}<\/style>\t\t\t\t<p><span style=\"text-indent: 30px;\">E-mail: agisse2@hotmail.com<\/span><\/p>\t\t\t\t\t\t<\/div>\n\t\t\t\t<\/div>\n\t\t\t\t\t<\/div>\n\t\t<\/div>\n\t\t\t\t\t\t\t<\/div>\n\t\t<\/section>\n\t\t\t\t<section class=\"elementor-section elementor-top-section elementor-element elementor-element-9fa47d2 elementor-section-boxed elementor-section-height-default elementor-section-height-default\" data-id=\"9fa47d2\" data-element_type=\"section\">\n\t\t\t\t\t\t<div class=\"elementor-container elementor-column-gap-default\">\n\t\t\t\t\t<div class=\"elementor-column elementor-col-100 elementor-top-column elementor-element elementor-element-23be670\" data-id=\"23be670\" data-element_type=\"column\">\n\t\t\t<div class=\"elementor-widget-wrap elementor-element-populated\">\n\t\t\t\t\t\t\t\t<div class=\"elementor-element elementor-element-1b52c53 elementor-widget elementor-widget-wpforms\" data-id=\"1b52c53\" data-element_type=\"widget\" data-widget_type=\"wpforms.default\">\n\t\t\t\t<div class=\"elementor-widget-container\">\n\t\t\t<div class=\"wpforms-container wpforms-container-full wpforms-render-modern\" id=\"wpforms-201\"><form id=\"wpforms-form-201\" class=\"wpforms-validate wpforms-form wpforms-ajax-form\" data-formid=\"201\" method=\"post\" enctype=\"multipart\/form-data\" action=\"\/index.php\/wp-json\/wp\/v2\/pages\/200\" data-token=\"1d1340752342b2f4454daf3ba6fb3bd7\" data-token-time=\"1778067018\"><div class=\"wpforms-head-container\"><div class=\"wpforms-title\">Formul\u00e1rio de contato<\/div><\/div><noscript class=\"wpforms-error-noscript\">Please enable JavaScript in your browser to complete this form.<\/noscript><div id=\"wpforms-error-noscript\" style=\"display: none;\">Please enable JavaScript in your browser to complete this form.<\/div><div class=\"wpforms-field-container\"><div id=\"wpforms-201-field_0-container\" class=\"wpforms-field wpforms-field-name\" data-field-id=\"0\"><fieldset><legend class=\"wpforms-field-label\">Nome <span class=\"wpforms-required-label\" aria-hidden=\"true\">*<\/span><\/legend><div class=\"wpforms-field-row wpforms-field-medium\"><div class=\"wpforms-field-row-block wpforms-first wpforms-one-half\"><input type=\"text\" id=\"wpforms-201-field_0\" class=\"wpforms-field-name-first wpforms-field-required\" name=\"wpforms[fields][0][first]\" aria-errormessage=\"wpforms-201-field_0-error\" required><label for=\"wpforms-201-field_0\" class=\"wpforms-field-sublabel after\">First<\/label><\/div><div class=\"wpforms-field-row-block wpforms-one-half\"><input type=\"text\" id=\"wpforms-201-field_0-last\" class=\"wpforms-field-name-last wpforms-field-required\" name=\"wpforms[fields][0][last]\" aria-errormessage=\"wpforms-201-field_0-last-error\" required><label for=\"wpforms-201-field_0-last\" class=\"wpforms-field-sublabel after\">Last<\/label><\/div><\/div><\/fieldset><\/div><div id=\"wpforms-201-field_1-container\" class=\"wpforms-field wpforms-field-email\" data-field-id=\"1\"><label class=\"wpforms-field-label\" for=\"wpforms-201-field_1\">E-mail <span class=\"wpforms-required-label\" aria-hidden=\"true\">*<\/span><\/label><input type=\"email\" id=\"wpforms-201-field_1\" class=\"wpforms-field-medium wpforms-field-required\" name=\"wpforms[fields][1]\" spellcheck=\"false\" aria-errormessage=\"wpforms-201-field_1-error\" required><\/div><div id=\"wpforms-201-field_2-container\" class=\"wpforms-field wpforms-field-textarea\" data-field-id=\"2\"><label class=\"wpforms-field-label\" for=\"wpforms-201-field_2\">Coment\u00e1rio ou Mensagem<\/label><textarea id=\"wpforms-201-field_2\" class=\"wpforms-field-medium\" name=\"wpforms[fields][2]\" aria-errormessage=\"wpforms-201-field_2-error\" ><\/textarea><\/div><\/div><!-- .wpforms-field-container --><div class=\"wpforms-submit-container\" ><input type=\"hidden\" name=\"wpforms[id]\" value=\"201\"><input type=\"hidden\" name=\"page_title\" value=\"\"><input type=\"hidden\" name=\"page_url\" value=\"https:\/\/fiquericoinvest.com.br\/index.php\/wp-json\/wp\/v2\/pages\/200\"><input type=\"hidden\" name=\"url_referer\" value=\"\"><button type=\"submit\" name=\"wpforms[submit]\" id=\"wpforms-submit-201\" class=\"wpforms-submit\" data-alt-text=\"Enviando\u2026\" data-submit-text=\"Enviar\" aria-live=\"assertive\" value=\"wpforms-submit\">Enviar<\/button><img decoding=\"async\" loading=\"lazy\" src=\"https:\/\/fiquericoinvest.com.br\/wp-content\/plugins\/wpforms-lite\/assets\/images\/submit-spin.svg\" class=\"wpforms-submit-spinner\" style=\"display: none;\" width=\"26\" height=\"26\" alt=\"Loading\"><\/div><\/form><\/div>  <!-- .wpforms-container -->\t\t<\/div>\n\t\t\t\t<\/div>\n\t\t\t\t\t<\/div>\n\t\t<\/div>\n\t\t\t\t\t\t\t<\/div>\n\t\t<\/section>\n\t\t\t\t\t\t\t<\/div>\n\t\t","protected":false},"excerpt":{"rendered":"<p>Entre em contato conosco E-mail: agisse2@hotmail.com Formul\u00e1rio de contatoAtive o JavaScript no seu navegador para preencher este formul\u00e1rio.Ative o JavaScript no seu navegador para preencher este formul\u00e1rio. Nome * NomeSobrenome E-mail *Coment\u00e1rio ou Mensagem Enviar<\/p>\n","protected":false},"author":1,"featured_media":0,"parent":0,"menu_order":0,"comment_status":"closed","ping_status":"closed","template":"","meta":{"site-sidebar-layout":"no-sidebar","site-content-layout":"page-builder","ast-site-content-layout":"","site-content-style":"default","site-sidebar-style":"default","ast-global-header-display":"","ast-banner-title-visibility":"","ast-main-header-display":"","ast-hfb-above-header-display":"","ast-hfb-below-header-display":"","ast-hfb-mobile-header-display":"","site-post-title":"disabled","ast-breadcrumbs-content":"","ast-featured-img":"disabled","footer-sml-layout":"","theme-transparent-header-meta":"","adv-header-id-meta":"","stick-header-meta":"","header-above-stick-meta":"","header-main-stick-meta":"","header-below-stick-meta":"","astra-migrate-meta-layouts":"","footnotes":""},"yoast_head":"<!-- This site is optimized with the Yoast SEO plugin v22.4 - https:\/\/yoast.com\/wordpress\/plugins\/seo\/ -->\n<title>Fale Conosco - Fique Rico Investindo<\/title>\n<meta name=\"robots\" content=\"index, follow, max-snippet:-1, max-image-preview:large, max-video-preview:-1\" \/>\n<link rel=\"canonical\" href=\"https:\/\/fiquericoinvest.com.br\/index.php\/fale-conosco\/\" \/>\n<meta property=\"og:locale\" content=\"en_US\" \/>\n<meta property=\"og:type\" content=\"article\" \/>\n<meta property=\"og:title\" content=\"Fale Conosco - Fique Rico Investindo\" \/>\n<meta property=\"og:description\" content=\"Entre em contato conosco E-mail: agisse2@hotmail.com Formul\u00e1rio de contatoAtive o JavaScript no seu navegador para preencher este formul\u00e1rio.Ative o JavaScript no seu navegador para preencher este formul\u00e1rio. Nome * NomeSobrenome E-mail *Coment\u00e1rio ou Mensagem Enviar\" \/>\n<meta property=\"og:url\" content=\"https:\/\/fiquericoinvest.com.br\/index.php\/fale-conosco\/\" \/>\n<meta property=\"og:site_name\" content=\"Fique Rico Investindo\" \/>\n<meta property=\"article:modified_time\" content=\"2023-08-11T12:16:56+00:00\" \/>\n<meta property=\"og:image\" content=\"https:\/\/fiquericoinvest.com.br\/wp-content\/plugins\/wpforms-lite\/assets\/images\/submit-spin.svg\" \/>\n<meta name=\"twitter:card\" content=\"summary_large_image\" \/>\n<meta name=\"twitter:label1\" content=\"Est. reading time\" \/>\n\t<meta name=\"twitter:data1\" content=\"1 minute\" \/>\n<script type=\"application\/ld+json\" class=\"yoast-schema-graph\">{\"@context\":\"https:\/\/schema.org\",\"@graph\":[{\"@type\":\"WebPage\",\"@id\":\"https:\/\/fiquericoinvest.com.br\/index.php\/fale-conosco\/\",\"url\":\"https:\/\/fiquericoinvest.com.br\/index.php\/fale-conosco\/\",\"name\":\"Fale Conosco - Fique Rico Investindo\",\"isPartOf\":{\"@id\":\"https:\/\/fiquericoinvest.com.br\/#website\"},\"primaryImageOfPage\":{\"@id\":\"https:\/\/fiquericoinvest.com.br\/index.php\/fale-conosco\/#primaryimage\"},\"image\":{\"@id\":\"https:\/\/fiquericoinvest.com.br\/index.php\/fale-conosco\/#primaryimage\"},\"thumbnailUrl\":\"https:\/\/fiquericoinvest.com.br\/wp-content\/plugins\/wpforms-lite\/assets\/images\/submit-spin.svg\",\"datePublished\":\"2023-08-11T12:13:13+00:00\",\"dateModified\":\"2023-08-11T12:16:56+00:00\",\"breadcrumb\":{\"@id\":\"https:\/\/fiquericoinvest.com.br\/index.php\/fale-conosco\/#breadcrumb\"},\"inLanguage\":\"en-US\",\"potentialAction\":[{\"@type\":\"ReadAction\",\"target\":[\"https:\/\/fiquericoinvest.com.br\/index.php\/fale-conosco\/\"]}]},{\"@type\":\"ImageObject\",\"inLanguage\":\"en-US\",\"@id\":\"https:\/\/fiquericoinvest.com.br\/index.php\/fale-conosco\/#primaryimage\",\"url\":\"https:\/\/fiquericoinvest.com.br\/wp-content\/plugins\/wpforms-lite\/assets\/images\/submit-spin.svg\",\"contentUrl\":\"https:\/\/fiquericoinvest.com.br\/wp-content\/plugins\/wpforms-lite\/assets\/images\/submit-spin.svg\"},{\"@type\":\"BreadcrumbList\",\"@id\":\"https:\/\/fiquericoinvest.com.br\/index.php\/fale-conosco\/#breadcrumb\",\"itemListElement\":[{\"@type\":\"ListItem\",\"position\":1,\"name\":\"In\u00edcio\",\"item\":\"https:\/\/fiquericoinvest.com.br\/\"},{\"@type\":\"ListItem\",\"position\":2,\"name\":\"Fale Conosco\"}]},{\"@type\":\"WebSite\",\"@id\":\"https:\/\/fiquericoinvest.com.br\/#website\",\"url\":\"https:\/\/fiquericoinvest.com.br\/\",\"name\":\"Fique Rico Investindo\",\"description\":\"\",\"publisher\":{\"@id\":\"https:\/\/fiquericoinvest.com.br\/#\/schema\/person\/c5690232c624ebfa765388e6d1ae0e7b\"},\"potentialAction\":[{\"@type\":\"SearchAction\",\"target\":{\"@type\":\"EntryPoint\",\"urlTemplate\":\"https:\/\/fiquericoinvest.com.br\/?s={search_term_string}\"},\"query-input\":\"required name=search_term_string\"}],\"inLanguage\":\"en-US\"},{\"@type\":[\"Person\",\"Organization\"],\"@id\":\"https:\/\/fiquericoinvest.com.br\/#\/schema\/person\/c5690232c624ebfa765388e6d1ae0e7b\",\"name\":\"FiqueRico\",\"image\":{\"@type\":\"ImageObject\",\"inLanguage\":\"en-US\",\"@id\":\"https:\/\/fiquericoinvest.com.br\/#\/schema\/person\/image\/\",\"url\":\"https:\/\/fiquericoinvest.com.br\/wp-content\/uploads\/2023\/07\/cropped-fique-rico-4.png\",\"contentUrl\":\"https:\/\/fiquericoinvest.com.br\/wp-content\/uploads\/2023\/07\/cropped-fique-rico-4.png\",\"width\":299,\"height\":86,\"caption\":\"FiqueRico\"},\"logo\":{\"@id\":\"https:\/\/fiquericoinvest.com.br\/#\/schema\/person\/image\/\"},\"sameAs\":[\"https:\/\/fiquericoinvest.com.br\"]}]}<\/script>\n<!-- \/ Yoast SEO plugin. -->","yoast_head_json":{"title":"Fale Conosco - Fique Rico Investindo","robots":{"index":"index","follow":"follow","max-snippet":"max-snippet:-1","max-image-preview":"max-image-preview:large","max-video-preview":"max-video-preview:-1"},"canonical":"https:\/\/fiquericoinvest.com.br\/index.php\/fale-conosco\/","og_locale":"en_US","og_type":"article","og_title":"Fale Conosco - Fique Rico Investindo","og_description":"Entre em contato conosco E-mail: agisse2@hotmail.com Formul\u00e1rio de contatoAtive o JavaScript no seu navegador para preencher este formul\u00e1rio.Ative o JavaScript no seu navegador para preencher este formul\u00e1rio. Nome * NomeSobrenome E-mail *Coment\u00e1rio ou Mensagem Enviar","og_url":"https:\/\/fiquericoinvest.com.br\/index.php\/fale-conosco\/","og_site_name":"Fique Rico Investindo","article_modified_time":"2023-08-11T12:16:56+00:00","og_image":[{"url":"https:\/\/fiquericoinvest.com.br\/wp-content\/plugins\/wpforms-lite\/assets\/images\/submit-spin.svg"}],"twitter_card":"summary_large_image","twitter_misc":{"Est. reading time":"1 minute"},"schema":{"@context":"https:\/\/schema.org","@graph":[{"@type":"WebPage","@id":"https:\/\/fiquericoinvest.com.br\/index.php\/fale-conosco\/","url":"https:\/\/fiquericoinvest.com.br\/index.php\/fale-conosco\/","name":"Fale Conosco - Fique Rico Investindo","isPartOf":{"@id":"https:\/\/fiquericoinvest.com.br\/#website"},"primaryImageOfPage":{"@id":"https:\/\/fiquericoinvest.com.br\/index.php\/fale-conosco\/#primaryimage"},"image":{"@id":"https:\/\/fiquericoinvest.com.br\/index.php\/fale-conosco\/#primaryimage"},"thumbnailUrl":"https:\/\/fiquericoinvest.com.br\/wp-content\/plugins\/wpforms-lite\/assets\/images\/submit-spin.svg","datePublished":"2023-08-11T12:13:13+00:00","dateModified":"2023-08-11T12:16:56+00:00","breadcrumb":{"@id":"https:\/\/fiquericoinvest.com.br\/index.php\/fale-conosco\/#breadcrumb"},"inLanguage":"en-US","potentialAction":[{"@type":"ReadAction","target":["https:\/\/fiquericoinvest.com.br\/index.php\/fale-conosco\/"]}]},{"@type":"ImageObject","inLanguage":"en-US","@id":"https:\/\/fiquericoinvest.com.br\/index.php\/fale-conosco\/#primaryimage","url":"https:\/\/fiquericoinvest.com.br\/wp-content\/plugins\/wpforms-lite\/assets\/images\/submit-spin.svg","contentUrl":"https:\/\/fiquericoinvest.com.br\/wp-content\/plugins\/wpforms-lite\/assets\/images\/submit-spin.svg"},{"@type":"BreadcrumbList","@id":"https:\/\/fiquericoinvest.com.br\/index.php\/fale-conosco\/#breadcrumb","itemListElement":[{"@type":"ListItem","position":1,"name":"In\u00edcio","item":"https:\/\/fiquericoinvest.com.br\/"},{"@type":"ListItem","position":2,"name":"Fale Conosco"}]},{"@type":"WebSite","@id":"https:\/\/fiquericoinvest.com.br\/#website","url":"https:\/\/fiquericoinvest.com.br\/","name":"Fique Rico Investindo","description":"","publisher":{"@id":"https:\/\/fiquericoinvest.com.br\/#\/schema\/person\/c5690232c624ebfa765388e6d1ae0e7b"},"potentialAction":[{"@type":"SearchAction","target":{"@type":"EntryPoint","urlTemplate":"https:\/\/fiquericoinvest.com.br\/?s={search_term_string}"},"query-input":"required name=search_term_string"}],"inLanguage":"en-US"},{"@type":["Person","Organization"],"@id":"https:\/\/fiquericoinvest.com.br\/#\/schema\/person\/c5690232c624ebfa765388e6d1ae0e7b","name":"FiqueRico","image":{"@type":"ImageObject","inLanguage":"en-US","@id":"https:\/\/fiquericoinvest.com.br\/#\/schema\/person\/image\/","url":"https:\/\/fiquericoinvest.com.br\/wp-content\/uploads\/2023\/07\/cropped-fique-rico-4.png","contentUrl":"https:\/\/fiquericoinvest.com.br\/wp-content\/uploads\/2023\/07\/cropped-fique-rico-4.png","width":299,"height":86,"caption":"FiqueRico"},"logo":{"@id":"https:\/\/fiquericoinvest.com.br\/#\/schema\/person\/image\/"},"sameAs":["https:\/\/fiquericoinvest.com.br"]}]}},"_links":{"self":[{"href":"https:\/\/fiquericoinvest.com.br\/index.php\/wp-json\/wp\/v2\/pages\/200"}],"collection":[{"href":"https:\/\/fiquericoinvest.com.br\/index.php\/wp-json\/wp\/v2\/pages"}],"about":[{"href":"https:\/\/fiquericoinvest.com.br\/index.php\/wp-json\/wp\/v2\/types\/page"}],"author":[{"embeddable":true,"href":"https:\/\/fiquericoinvest.com.br\/index.php\/wp-json\/wp\/v2\/users\/1"}],"replies":[{"embeddable":true,"href":"https:\/\/fiquericoinvest.com.br\/index.php\/wp-json\/wp\/v2\/comments?post=200"}],"version-history":[{"count":4,"href":"https:\/\/fiquericoinvest.com.br\/index.php\/wp-json\/wp\/v2\/pages\/200\/revisions"}],"predecessor-version":[{"id":208,"href":"https:\/\/fiquericoinvest.com.br\/index.php\/wp-json\/wp\/v2\/pages\/200\/revisions\/208"}],"wp:attachment":[{"href":"https:\/\/fiquericoinvest.com.br\/index.php\/wp-json\/wp\/v2\/media?parent=200"}],"curies":[{"name":"wp","href":"https:\/\/api.w.org\/{rel}","templated":true}]}}