{"id":156,"date":"2023-07-29T14:31:22","date_gmt":"2023-07-29T17:31:22","guid":{"rendered":"https:\/\/fiquericoinvest.com.br\/?page_id=156"},"modified":"2023-07-29T14:33:56","modified_gmt":"2023-07-29T17:33:56","slug":"sobre-nos","status":"publish","type":"page","link":"https:\/\/fiquericoinvest.com.br\/index.php\/sobre-nos\/","title":{"rendered":"Sobre n\u00f3s"},"content":{"rendered":"\t\t<div data-elementor-type=\"wp-page\" data-elementor-id=\"156\" class=\"elementor elementor-156\">\n\t\t\t\t\t\t\t\t\t<section class=\"elementor-section elementor-top-section elementor-element elementor-element-590b0fc elementor-section-boxed elementor-section-height-default elementor-section-height-default\" data-id=\"590b0fc\" data-element_type=\"section\">\n\t\t\t\t\t\t<div class=\"elementor-container elementor-column-gap-default\">\n\t\t\t\t\t<div class=\"elementor-column elementor-col-100 elementor-top-column elementor-element elementor-element-537b4b4\" data-id=\"537b4b4\" data-element_type=\"column\">\n\t\t\t<div class=\"elementor-widget-wrap elementor-element-populated\">\n\t\t\t\t\t\t\t\t<div class=\"elementor-element elementor-element-47cb95e elementor-widget elementor-widget-image\" data-id=\"47cb95e\" data-element_type=\"widget\" data-widget_type=\"image.default\">\n\t\t\t\t<div class=\"elementor-widget-container\">\n\t\t\t<style>\/*! elementor - v3.17.0 - 25-10-2023 *\/\n.elementor-widget-image{text-align:center}.elementor-widget-image a{display:inline-block}.elementor-widget-image a img[src$=\".svg\"]{width:48px}.elementor-widget-image img{vertical-align:middle;display:inline-block}<\/style>\t\t\t\t\t\t\t\t\t\t\t\t<img decoding=\"async\" loading=\"lazy\" width=\"299\" height=\"86\" src=\"https:\/\/fiquericoinvest.com.br\/wp-content\/uploads\/2023\/07\/cropped-fique-rico-4.png\" class=\"attachment-large size-large wp-image-42\" alt=\"\" \/>\t\t\t\t\t\t\t\t\t\t\t\t\t\t\t<\/div>\n\t\t\t\t<\/div>\n\t\t\t\t<div class=\"elementor-element elementor-element-0d535a5 elementor-widget elementor-widget-text-editor\" data-id=\"0d535a5\" data-element_type=\"widget\" data-widget_type=\"text-editor.default\">\n\t\t\t\t<div class=\"elementor-widget-container\">\n\t\t\t<style>\/*! elementor - v3.17.0 - 25-10-2023 *\/\n.elementor-widget-text-editor.elementor-drop-cap-view-stacked .elementor-drop-cap{background-color:#69727d;color:#fff}.elementor-widget-text-editor.elementor-drop-cap-view-framed .elementor-drop-cap{color:#69727d;border:3px solid;background-color:transparent}.elementor-widget-text-editor:not(.elementor-drop-cap-view-default) .elementor-drop-cap{margin-top:8px}.elementor-widget-text-editor:not(.elementor-drop-cap-view-default) .elementor-drop-cap-letter{width:1em;height:1em}.elementor-widget-text-editor .elementor-drop-cap{float:left;text-align:center;line-height:1;font-size:50px}.elementor-widget-text-editor .elementor-drop-cap-letter{display:inline-block}<\/style>\t\t\t\t<h2 style=\"font-style: normal;\"><span style=\"color: #000000; font-family: helvetica, arial, sans-serif; font-size: 14pt;\">\u00a0 \u00a0 \u00a0Bem-vindo ao Fique Rico!<\/span><\/h2><p><span style=\"font-family: helvetica, arial, sans-serif; font-size: 14pt;\">\u00a0 \u00a0 <span style=\"color: #000000;\">\u00a0O site Fique Rico Investindo \u00e9 um canal para ajudar voc\u00ea a se desenvolver no mundo dos investimentos, fornecendo um rico acervo de informa\u00e7\u00f5es e orienta\u00e7\u00f5es essenciais para quem deseja alcan\u00e7ar a independ\u00eancia financeira. Com uma abordagem clara e acess\u00edvel, o site oferece diversos recursos, desde artigos informativos sobre conceitos b\u00e1sicos at\u00e9 an\u00e1lises aprofundadas sobre estrat\u00e9gias avan\u00e7adas de investimento. Seja voc\u00ea um iniciante buscando entender os fundamentos do mercado financeiro ou um investidor experiente em busca de novas oportunidades, o Fique Rico Investindo visa capacitar todos os seus leitores com o conhecimento necess\u00e1rio para tomar decis\u00f5es financeiras s\u00f3lidas e bem fundamentadas.<\/span><\/span><\/p><p><span style=\"font-family: helvetica, arial, sans-serif; font-size: 14pt; color: #000000;\">\u00a0 \u00a0 \u00a0Al\u00e9m de seu conte\u00fado educativo, o site tamb\u00e9m apresenta ferramentas interativas e calculadoras financeiras que permitem simular diferentes cen\u00e1rios de investimento, ajudando os leitores a compreender melhor os poss\u00edveis resultados de suas decis\u00f5es. Dessa forma, os visitantes podem experimentar e aprimorar suas estrat\u00e9gias sem assumir riscos financeiros reais, ganhando confian\u00e7a ao longo do processo.<\/span><\/p><p><span style=\"font-family: helvetica, arial, sans-serif; font-size: 14pt; color: #000000;\">\u00a0 \u00a0 \u00a0O compromisso do Fique Rico Investindo com a transpar\u00eancia e imparcialidade \u00e9 um diferencial not\u00e1vel. Ao contr\u00e1rio de muitos outros ve\u00edculos de informa\u00e7\u00e3o financeira, o site n\u00e3o promove esquemas duvidosos de enriquecimento r\u00e1pido ou investimentos de alto risco sem a devida avalia\u00e7\u00e3o. Em vez disso, ele prioriza a educa\u00e7\u00e3o financeira respons\u00e1vel, incentivando a constru\u00e7\u00e3o de uma base s\u00f3lida para uma jornada de investimentos bem-sucedida e sustent\u00e1vel ao longo do tempo. Com linguagem acess\u00edvel e uma abordagem realista, o Fique Rico Investindo se tornou um valioso aliado para todos aqueles que buscam trilhar o caminho da prosperidade financeira com intelig\u00eancia e seguran\u00e7a .<\/span><\/p>\t\t\t\t\t\t<\/div>\n\t\t\t\t<\/div>\n\t\t\t\t\t<\/div>\n\t\t<\/div>\n\t\t\t\t\t\t\t<\/div>\n\t\t<\/section>\n\t\t\t\t\t\t\t<\/div>\n\t\t","protected":false},"excerpt":{"rendered":"<p>\u00a0 \u00a0 \u00a0Bem-vindo ao Fique Rico! \u00a0 \u00a0 \u00a0O site Fique Rico Investindo \u00e9 um canal para ajudar voc\u00ea a se desenvolver no mundo dos investimentos, fornecendo um rico acervo de informa\u00e7\u00f5es e orienta\u00e7\u00f5es essenciais para quem deseja alcan\u00e7ar a independ\u00eancia financeira. Com uma abordagem clara e acess\u00edvel, o site oferece diversos recursos, desde artigos &hellip;<\/p>\n<p class=\"read-more\"> <a class=\"\" href=\"https:\/\/fiquericoinvest.com.br\/index.php\/sobre-nos\/\"> <span class=\"screen-reader-text\">Sobre n\u00f3s<\/span> Read More &raquo;<\/a><\/p>\n","protected":false},"author":1,"featured_media":0,"parent":0,"menu_order":0,"comment_status":"closed","ping_status":"closed","template":"","meta":{"site-sidebar-layout":"no-sidebar","site-content-layout":"page-builder","ast-site-content-layout":"","site-content-style":"default","site-sidebar-style":"default","ast-global-header-display":"","ast-banner-title-visibility":"","ast-main-header-display":"","ast-hfb-above-header-display":"","ast-hfb-below-header-display":"","ast-hfb-mobile-header-display":"","site-post-title":"disabled","ast-breadcrumbs-content":"","ast-featured-img":"disabled","footer-sml-layout":"","theme-transparent-header-meta":"","adv-header-id-meta":"","stick-header-meta":"","header-above-stick-meta":"","header-main-stick-meta":"","header-below-stick-meta":"","astra-migrate-meta-layouts":"","footnotes":""},"yoast_head":"<!-- This site is optimized with the Yoast SEO plugin v22.4 - https:\/\/yoast.com\/wordpress\/plugins\/seo\/ -->\n<title>Sobre n\u00f3s - Fique Rico Investindo<\/title>\n<meta name=\"robots\" content=\"index, follow, max-snippet:-1, max-image-preview:large, max-video-preview:-1\" \/>\n<link rel=\"canonical\" href=\"https:\/\/fiquericoinvest.com.br\/index.php\/sobre-nos\/\" \/>\n<meta property=\"og:locale\" content=\"en_US\" \/>\n<meta property=\"og:type\" content=\"article\" \/>\n<meta property=\"og:title\" content=\"Sobre n\u00f3s - Fique Rico Investindo\" \/>\n<meta property=\"og:description\" content=\"\u00a0 \u00a0 \u00a0Bem-vindo ao Fique Rico! \u00a0 \u00a0 \u00a0O site Fique Rico Investindo \u00e9 um canal para ajudar voc\u00ea a se desenvolver no mundo dos investimentos, fornecendo um rico acervo de informa\u00e7\u00f5es e orienta\u00e7\u00f5es essenciais para quem deseja alcan\u00e7ar a independ\u00eancia financeira. Com uma abordagem clara e acess\u00edvel, o site oferece diversos recursos, desde artigos &hellip; Sobre n\u00f3s Read More &raquo;\" \/>\n<meta property=\"og:url\" content=\"https:\/\/fiquericoinvest.com.br\/index.php\/sobre-nos\/\" \/>\n<meta property=\"og:site_name\" content=\"Fique Rico Investindo\" \/>\n<meta property=\"article:modified_time\" content=\"2023-07-29T17:33:56+00:00\" \/>\n<meta property=\"og:image\" content=\"https:\/\/fiquericoinvest.com.br\/wp-content\/uploads\/2023\/07\/cropped-fique-rico-4.png\" \/>\n<meta name=\"twitter:card\" content=\"summary_large_image\" \/>\n<meta name=\"twitter:label1\" content=\"Est. reading time\" \/>\n\t<meta name=\"twitter:data1\" content=\"1 minute\" \/>\n<script type=\"application\/ld+json\" class=\"yoast-schema-graph\">{\"@context\":\"https:\/\/schema.org\",\"@graph\":[{\"@type\":\"WebPage\",\"@id\":\"https:\/\/fiquericoinvest.com.br\/index.php\/sobre-nos\/\",\"url\":\"https:\/\/fiquericoinvest.com.br\/index.php\/sobre-nos\/\",\"name\":\"Sobre n\u00f3s - Fique Rico Investindo\",\"isPartOf\":{\"@id\":\"https:\/\/fiquericoinvest.com.br\/#website\"},\"primaryImageOfPage\":{\"@id\":\"https:\/\/fiquericoinvest.com.br\/index.php\/sobre-nos\/#primaryimage\"},\"image\":{\"@id\":\"https:\/\/fiquericoinvest.com.br\/index.php\/sobre-nos\/#primaryimage\"},\"thumbnailUrl\":\"https:\/\/fiquericoinvest.com.br\/wp-content\/uploads\/2023\/07\/cropped-fique-rico-4.png\",\"datePublished\":\"2023-07-29T17:31:22+00:00\",\"dateModified\":\"2023-07-29T17:33:56+00:00\",\"breadcrumb\":{\"@id\":\"https:\/\/fiquericoinvest.com.br\/index.php\/sobre-nos\/#breadcrumb\"},\"inLanguage\":\"en-US\",\"potentialAction\":[{\"@type\":\"ReadAction\",\"target\":[\"https:\/\/fiquericoinvest.com.br\/index.php\/sobre-nos\/\"]}]},{\"@type\":\"ImageObject\",\"inLanguage\":\"en-US\",\"@id\":\"https:\/\/fiquericoinvest.com.br\/index.php\/sobre-nos\/#primaryimage\",\"url\":\"https:\/\/fiquericoinvest.com.br\/wp-content\/uploads\/2023\/07\/cropped-fique-rico-4.png\",\"contentUrl\":\"https:\/\/fiquericoinvest.com.br\/wp-content\/uploads\/2023\/07\/cropped-fique-rico-4.png\",\"width\":299,\"height\":86},{\"@type\":\"BreadcrumbList\",\"@id\":\"https:\/\/fiquericoinvest.com.br\/index.php\/sobre-nos\/#breadcrumb\",\"itemListElement\":[{\"@type\":\"ListItem\",\"position\":1,\"name\":\"In\u00edcio\",\"item\":\"https:\/\/fiquericoinvest.com.br\/\"},{\"@type\":\"ListItem\",\"position\":2,\"name\":\"Sobre n\u00f3s\"}]},{\"@type\":\"WebSite\",\"@id\":\"https:\/\/fiquericoinvest.com.br\/#website\",\"url\":\"https:\/\/fiquericoinvest.com.br\/\",\"name\":\"Fique Rico Investindo\",\"description\":\"\",\"publisher\":{\"@id\":\"https:\/\/fiquericoinvest.com.br\/#\/schema\/person\/c5690232c624ebfa765388e6d1ae0e7b\"},\"potentialAction\":[{\"@type\":\"SearchAction\",\"target\":{\"@type\":\"EntryPoint\",\"urlTemplate\":\"https:\/\/fiquericoinvest.com.br\/?s={search_term_string}\"},\"query-input\":\"required name=search_term_string\"}],\"inLanguage\":\"en-US\"},{\"@type\":[\"Person\",\"Organization\"],\"@id\":\"https:\/\/fiquericoinvest.com.br\/#\/schema\/person\/c5690232c624ebfa765388e6d1ae0e7b\",\"name\":\"FiqueRico\",\"image\":{\"@type\":\"ImageObject\",\"inLanguage\":\"en-US\",\"@id\":\"https:\/\/fiquericoinvest.com.br\/#\/schema\/person\/image\/\",\"url\":\"https:\/\/fiquericoinvest.com.br\/wp-content\/uploads\/2023\/07\/cropped-fique-rico-4.png\",\"contentUrl\":\"https:\/\/fiquericoinvest.com.br\/wp-content\/uploads\/2023\/07\/cropped-fique-rico-4.png\",\"width\":299,\"height\":86,\"caption\":\"FiqueRico\"},\"logo\":{\"@id\":\"https:\/\/fiquericoinvest.com.br\/#\/schema\/person\/image\/\"},\"sameAs\":[\"https:\/\/fiquericoinvest.com.br\"]}]}<\/script>\n<!-- \/ Yoast SEO plugin. -->","yoast_head_json":{"title":"Sobre n\u00f3s - Fique Rico Investindo","robots":{"index":"index","follow":"follow","max-snippet":"max-snippet:-1","max-image-preview":"max-image-preview:large","max-video-preview":"max-video-preview:-1"},"canonical":"https:\/\/fiquericoinvest.com.br\/index.php\/sobre-nos\/","og_locale":"en_US","og_type":"article","og_title":"Sobre n\u00f3s - Fique Rico Investindo","og_description":"\u00a0 \u00a0 \u00a0Bem-vindo ao Fique Rico! \u00a0 \u00a0 \u00a0O site Fique Rico Investindo \u00e9 um canal para ajudar voc\u00ea a se desenvolver no mundo dos investimentos, fornecendo um rico acervo de informa\u00e7\u00f5es e orienta\u00e7\u00f5es essenciais para quem deseja alcan\u00e7ar a independ\u00eancia financeira. Com uma abordagem clara e acess\u00edvel, o site oferece diversos recursos, desde artigos &hellip; Sobre n\u00f3s Read More &raquo;","og_url":"https:\/\/fiquericoinvest.com.br\/index.php\/sobre-nos\/","og_site_name":"Fique Rico Investindo","article_modified_time":"2023-07-29T17:33:56+00:00","og_image":[{"url":"https:\/\/fiquericoinvest.com.br\/wp-content\/uploads\/2023\/07\/cropped-fique-rico-4.png"}],"twitter_card":"summary_large_image","twitter_misc":{"Est. reading time":"1 minute"},"schema":{"@context":"https:\/\/schema.org","@graph":[{"@type":"WebPage","@id":"https:\/\/fiquericoinvest.com.br\/index.php\/sobre-nos\/","url":"https:\/\/fiquericoinvest.com.br\/index.php\/sobre-nos\/","name":"Sobre n\u00f3s - Fique Rico Investindo","isPartOf":{"@id":"https:\/\/fiquericoinvest.com.br\/#website"},"primaryImageOfPage":{"@id":"https:\/\/fiquericoinvest.com.br\/index.php\/sobre-nos\/#primaryimage"},"image":{"@id":"https:\/\/fiquericoinvest.com.br\/index.php\/sobre-nos\/#primaryimage"},"thumbnailUrl":"https:\/\/fiquericoinvest.com.br\/wp-content\/uploads\/2023\/07\/cropped-fique-rico-4.png","datePublished":"2023-07-29T17:31:22+00:00","dateModified":"2023-07-29T17:33:56+00:00","breadcrumb":{"@id":"https:\/\/fiquericoinvest.com.br\/index.php\/sobre-nos\/#breadcrumb"},"inLanguage":"en-US","potentialAction":[{"@type":"ReadAction","target":["https:\/\/fiquericoinvest.com.br\/index.php\/sobre-nos\/"]}]},{"@type":"ImageObject","inLanguage":"en-US","@id":"https:\/\/fiquericoinvest.com.br\/index.php\/sobre-nos\/#primaryimage","url":"https:\/\/fiquericoinvest.com.br\/wp-content\/uploads\/2023\/07\/cropped-fique-rico-4.png","contentUrl":"https:\/\/fiquericoinvest.com.br\/wp-content\/uploads\/2023\/07\/cropped-fique-rico-4.png","width":299,"height":86},{"@type":"BreadcrumbList","@id":"https:\/\/fiquericoinvest.com.br\/index.php\/sobre-nos\/#breadcrumb","itemListElement":[{"@type":"ListItem","position":1,"name":"In\u00edcio","item":"https:\/\/fiquericoinvest.com.br\/"},{"@type":"ListItem","position":2,"name":"Sobre n\u00f3s"}]},{"@type":"WebSite","@id":"https:\/\/fiquericoinvest.com.br\/#website","url":"https:\/\/fiquericoinvest.com.br\/","name":"Fique Rico Investindo","description":"","publisher":{"@id":"https:\/\/fiquericoinvest.com.br\/#\/schema\/person\/c5690232c624ebfa765388e6d1ae0e7b"},"potentialAction":[{"@type":"SearchAction","target":{"@type":"EntryPoint","urlTemplate":"https:\/\/fiquericoinvest.com.br\/?s={search_term_string}"},"query-input":"required name=search_term_string"}],"inLanguage":"en-US"},{"@type":["Person","Organization"],"@id":"https:\/\/fiquericoinvest.com.br\/#\/schema\/person\/c5690232c624ebfa765388e6d1ae0e7b","name":"FiqueRico","image":{"@type":"ImageObject","inLanguage":"en-US","@id":"https:\/\/fiquericoinvest.com.br\/#\/schema\/person\/image\/","url":"https:\/\/fiquericoinvest.com.br\/wp-content\/uploads\/2023\/07\/cropped-fique-rico-4.png","contentUrl":"https:\/\/fiquericoinvest.com.br\/wp-content\/uploads\/2023\/07\/cropped-fique-rico-4.png","width":299,"height":86,"caption":"FiqueRico"},"logo":{"@id":"https:\/\/fiquericoinvest.com.br\/#\/schema\/person\/image\/"},"sameAs":["https:\/\/fiquericoinvest.com.br"]}]}},"_links":{"self":[{"href":"https:\/\/fiquericoinvest.com.br\/index.php\/wp-json\/wp\/v2\/pages\/156"}],"collection":[{"href":"https:\/\/fiquericoinvest.com.br\/index.php\/wp-json\/wp\/v2\/pages"}],"about":[{"href":"https:\/\/fiquericoinvest.com.br\/index.php\/wp-json\/wp\/v2\/types\/page"}],"author":[{"embeddable":true,"href":"https:\/\/fiquericoinvest.com.br\/index.php\/wp-json\/wp\/v2\/users\/1"}],"replies":[{"embeddable":true,"href":"https:\/\/fiquericoinvest.com.br\/index.php\/wp-json\/wp\/v2\/comments?post=156"}],"version-history":[{"count":3,"href":"https:\/\/fiquericoinvest.com.br\/index.php\/wp-json\/wp\/v2\/pages\/156\/revisions"}],"predecessor-version":[{"id":159,"href":"https:\/\/fiquericoinvest.com.br\/index.php\/wp-json\/wp\/v2\/pages\/156\/revisions\/159"}],"wp:attachment":[{"href":"https:\/\/fiquericoinvest.com.br\/index.php\/wp-json\/wp\/v2\/media?parent=156"}],"curies":[{"name":"wp","href":"https:\/\/api.w.org\/{rel}","templated":true}]}}